{"id":627,"date":"2016-09-13T14:19:17","date_gmt":"2016-09-13T14:19:17","guid":{"rendered":"http:\/\/institutulcopilului.ro\/?page_id=627"},"modified":"2016-10-25T09:36:27","modified_gmt":"2016-10-25T09:36:27","slug":"parteneri","status":"publish","type":"page","link":"https:\/\/idc.institutulcopilului.ro\/?page_id=627","title":{"rendered":"Parteneri"},"content":{"rendered":"<h3><span style=\"color: #993300;\"><strong> PARTENERI Institu\u021bionali:<\/strong><\/span><\/h3>\n<p style=\"padding-left: 30px;\">Autoritatea Na\u021bional\u0103 pentru Protec\u021bia Drepturilor Copilului \u0219i Adop\u021bie<\/p>\n<p style=\"padding-left: 30px;\">Direc\u021bia General\u0103 de Asisten\u021b\u0103 Social\u0103 \u0219i Protec\u021bia Copilului Sector 1<\/p>\n<p style=\"padding-left: 30px;\">Colegiul Na\u021bional al Asisten\u021bilor Sociali din Rom\u00e2nia<\/p>\n<p style=\"padding-left: 30px;\">Colegiul Psihologilor din Rom\u00e2nia<\/p>\n<p style=\"padding-left: 30px;\">Colegiul Medicilor din Rom\u00e2nia<\/p>\n<h3><span style=\"color: #993300;\"><strong>PARTENERI Financiari:<\/strong><\/span><\/h3>\n<p style=\"padding-left: 30px;\">Funda\u021biile VELUX Danemarca<\/p>\n<p style=\"padding-left: 30px;\">Funda\u021bia SERA Rom\u00e2nia<\/p>\n","protected":false},"excerpt":{"rendered":"<p>PARTENERI Institu\u021bionali: Autoritatea Na\u021bional\u0103 pentru Protec\u021bia Drepturilor Copilului \u0219i Adop\u021bie Direc\u021bia General\u0103 de Asisten\u021b\u0103 Social\u0103 \u0219i Protec\u021bia Copilului Sector 1 Colegiul Na\u021bional al Asisten\u021bilor Sociali din Rom\u00e2nia Colegiul Psihologilor din Rom\u00e2nia Colegiul Medicilor din Rom\u00e2nia PARTENERI Financiari: Funda\u021biile VELUX Danemarca Funda\u021bia SERA Rom\u00e2nia<\/p>\n","protected":false},"author":1,"featured_media":0,"parent":0,"menu_order":0,"comment_status":"closed","ping_status":"closed","template":"template-fullwidth.php","meta":[],"_links":{"self":[{"href":"https:\/\/idc.institutulcopilului.ro\/index.php?rest_route=\/wp\/v2\/pages\/627"}],"collection":[{"href":"https:\/\/idc.institutulcopilului.ro\/index.php?rest_route=\/wp\/v2\/pages"}],"about":[{"href":"https:\/\/idc.institutulcopilului.ro\/index.php?rest_route=\/wp\/v2\/types\/page"}],"author":[{"embeddable":true,"href":"https:\/\/idc.institutulcopilului.ro\/index.php?rest_route=\/wp\/v2\/users\/1"}],"replies":[{"embeddable":true,"href":"https:\/\/idc.institutulcopilului.ro\/index.php?rest_route=%2Fwp%2Fv2%2Fcomments&post=627"}],"version-history":[{"count":1,"href":"https:\/\/idc.institutulcopilului.ro\/index.php?rest_route=\/wp\/v2\/pages\/627\/revisions"}],"predecessor-version":[{"id":800,"href":"https:\/\/idc.institutulcopilului.ro\/index.php?rest_route=\/wp\/v2\/pages\/627\/revisions\/800"}],"wp:attachment":[{"href":"https:\/\/idc.institutulcopilului.ro\/index.php?rest_route=%2Fwp%2Fv2%2Fmedia&parent=627"}],"curies":[{"name":"wp","href":"https:\/\/api.w.org\/{rel}","templated":true}]}}