{"id":827,"date":"2016-10-24T12:23:02","date_gmt":"2016-10-24T12:23:02","guid":{"rendered":"http:\/\/idc.institutulcopilului.ro\/?page_id=827"},"modified":"2016-10-25T09:35:43","modified_gmt":"2016-10-25T09:35:43","slug":"geraldine-viot-2","status":"publish","type":"page","link":"https:\/\/idc.institutulcopilului.ro\/?page_id=827","title":{"rendered":"G\u00e9raldine VIOT"},"content":{"rendered":"<p><strong>G\u00e9raldine VIOT<\/strong><\/p>\n<p>Praticien Hospitalier de G\u00e9n\u00e9ticien M\u00e9dicale<\/p>\n<p>Tel : 06.15.40.56.33<\/p>\n<p>Email : <a href=\"mailto:geraldine.viot@cch.aphp.fr\">geraldine.viot@cch.aphp.fr<\/a><\/p>\n<p><strong>DIPLOMES ET FORMATION MEDICALE<\/strong><\/p>\n<p>&#8211; 1999 : Concours de Praticien Hospitalier. Sp\u00e9cialit\u00e9 : G\u00e9n\u00e9tique M\u00e9dicale<\/p>\n<p>&#8211; 1996 : Th\u00e8se de m\u00e9decine, Facult\u00e9 de Lille. F\u00e9licitations du Jury<\/p>\n<p>&#8220;Syndrome d\u2019Ehlers-Danlos de type VI : \u00e0 propos d\u2019un cas&#8221;<\/p>\n<p>&#8211; 1996 : DES de P\u00e9diatrie, Facult\u00e9 de Lille. F\u00e9licitations du Jury<\/p>\n<p>&#8220;Rhabdomyosarcome pulmonaire de l\u2019enfant&#8221;<\/p>\n<p>&#8211; 1995 : DEA de G\u00e9n\u00e9tique Humaine (Pr Fellous, Paris). Mention Tr\u00e8s Bien<\/p>\n<p>&#8220;Analyses des anomalies cytog\u00e9n\u00e9tiques des cellules tumorales par Hybridation G\u00e9nomique Comparative&#8221;<\/p>\n<p>&#8211; 1995 : C2 de Cytog\u00e9n\u00e9tique (Pr Vekemans, Paris). Mention Bien<\/p>\n<p>&#8211; 1994 : C2 de Biologie Mol\u00e9culaire (Pr Kaplan, Paris)<\/p>\n<p>&#8211; 1993 : C1 de G\u00e9n\u00e9tique Humaine (Pr Munnich, Paris). Mention Bien<\/p>\n<p><strong>CLINICAT<\/strong><\/p>\n<p>&#8211; 1996-1999 : D\u00e9partement de G\u00e9n\u00e9tique du Pr Munnich (H\u00f4pital Necker, Paris)<\/p>\n<p><strong>INTERNAT<\/strong><\/p>\n<p>&#8211; G\u00e9n\u00e9tique M\u00e9dicale (Pr Farriaux, CHRU Lille)<\/p>\n<p>&#8211; G\u00e9n\u00e9tique M\u00e9dicale (Pr Munnich, H\u00f4pital Necker, Paris)<\/p>\n<p>&#8211; N\u00e9onatologie (Pr Lequien, CHRU Lille)<\/p>\n<p>&#8211; Cytog\u00e9n\u00e9tique (Pr de Martainville, CHRU Lille)<\/p>\n<p>&#8211; Oncologie P\u00e9diatrique (Pr Farriaux, CHRU Lille)<\/p>\n<p>&#8211; P\u00e9diatrie g\u00e9n\u00e9rale (CH Arras et Douai)<\/p>\n<p><strong>ACTIVITES EN COURS<\/strong><\/p>\n<p>&#8211; Praticien Hospitalier Maternit\u00e9 Port-Royal<\/p>\n<p>&#8211; M\u00e9decin Attach\u00e9e \u00e0 l\u2019H\u00f4pital Am\u00e9ricain de Neuilly sur Seine<\/p>\n<p>&#8211; M\u00e9decin G\u00e9n\u00e9ticien Clinicien de l\u2019Association des Maladies Lysosomales<\/p>\n<p>Absence de lien d\u2019int\u00e9r\u00eat avec un laboratoire<\/p>\n","protected":false},"excerpt":{"rendered":"<p>G\u00e9raldine VIOT Praticien Hospitalier de G\u00e9n\u00e9ticien M\u00e9dicale Tel : 06.15.40.56.33 Email : geraldine.viot@cch.aphp.fr DIPLOMES ET FORMATION MEDICALE &#8211; 1999 : Concours de Praticien Hospitalier. Sp\u00e9cialit\u00e9 : G\u00e9n\u00e9tique M\u00e9dicale &#8211; 1996 : Th\u00e8se de m\u00e9decine, Facult\u00e9 de Lille. F\u00e9licitations du Jury &#8220;Syndrome d\u2019Ehlers-Danlos de type VI : \u00e0 propos d\u2019un cas&#8221; &#8211; 1996 : DES de<a href=\"https:\/\/idc.institutulcopilului.ro\/?page_id=827\">[&#8230;]<\/a><\/p>\n","protected":false},"author":1,"featured_media":65,"parent":0,"menu_order":0,"comment_status":"closed","ping_status":"closed","template":"template-fullwidth.php","meta":[],"_links":{"self":[{"href":"https:\/\/idc.institutulcopilului.ro\/index.php?rest_route=\/wp\/v2\/pages\/827"}],"collection":[{"href":"https:\/\/idc.institutulcopilului.ro\/index.php?rest_route=\/wp\/v2\/pages"}],"about":[{"href":"https:\/\/idc.institutulcopilului.ro\/index.php?rest_route=\/wp\/v2\/types\/page"}],"author":[{"embeddable":true,"href":"https:\/\/idc.institutulcopilului.ro\/index.php?rest_route=\/wp\/v2\/users\/1"}],"replies":[{"embeddable":true,"href":"https:\/\/idc.institutulcopilului.ro\/index.php?rest_route=%2Fwp%2Fv2%2Fcomments&post=827"}],"version-history":[{"count":2,"href":"https:\/\/idc.institutulcopilului.ro\/index.php?rest_route=\/wp\/v2\/pages\/827\/revisions"}],"predecessor-version":[{"id":881,"href":"https:\/\/idc.institutulcopilului.ro\/index.php?rest_route=\/wp\/v2\/pages\/827\/revisions\/881"}],"wp:featuredmedia":[{"embeddable":true,"href":"https:\/\/idc.institutulcopilului.ro\/index.php?rest_route=\/wp\/v2\/media\/65"}],"wp:attachment":[{"href":"https:\/\/idc.institutulcopilului.ro\/index.php?rest_route=%2Fwp%2Fv2%2Fmedia&parent=827"}],"curies":[{"name":"wp","href":"https:\/\/api.w.org\/{rel}","templated":true}]}}